{"id":3635,"date":"2018-09-30T10:35:42","date_gmt":"2018-09-30T09:35:42","guid":{"rendered":"http:\/\/www.ale-ale.hr\/?page_id=3635"},"modified":"2021-11-05T14:53:55","modified_gmt":"2021-11-05T13:53:55","slug":"pocetna","status":"publish","type":"page","link":"https:\/\/www.ale-ale.hr\/","title":{"rendered":"Dobro do\u0161li \/ Welcome"},"content":{"rendered":"<p>Dobro do\u0161li na web stranice tvrtke Ale-ale d.o.o.<\/p>\n<p>Specijalizirani smo za:<br \/>\n1. Projektiranje obiteljskih ku\u0107a i vila, stambenih i poslovnih objekata,<br \/>\n2. Rje\u0161avanje imovinsko pravne dokumentacije za nekretnine (legalizacija, eta\u017eiranje), isho\u0111enje gra\u0111evinskih dozvola.<br \/>\n3. Rekonstruiranje\/adaptiranje Va\u0161eg objekta\/stana i ure\u0111enje interijera<\/p>\n<p>Welcome to Ale-Ale d.o.o. web page<\/p>\n<p>We are specialized for:<br \/>\n1. Planning of new family houses\/villas<br \/>\n2. Legalizing and segmentation of Your property<br \/>\n3. Reconstructing\/adapting Your existing home<\/p>\n","protected":false},"excerpt":{"rendered":"<p>Dobro do\u0161li na web stranice tvrtke Ale-ale d.o.o. Specijalizirani smo za: 1. Projektiranje obiteljskih ku\u0107a i vila, stambenih i poslovnih objekata, 2. Rje\u0161avanje imovinsko pravne dokumentacije za nekretnine (legalizacija, eta\u017eiranje), isho\u0111enje gra\u0111evinskih dozvola. 3. Rekonstruiranje\/adaptiranje Va\u0161eg objekta\/stana i ure\u0111enje interijera Welcome to Ale-Ale d.o.o. web page We are specialized for: 1. Planning of new family [&hellip;]<\/p>\n","protected":false},"author":1,"featured_media":0,"parent":0,"menu_order":0,"comment_status":"closed","ping_status":"closed","template":"","meta":{"footnotes":""},"class_list":["bg-stuff"],"_links":{"self":[{"href":"https:\/\/www.ale-ale.hr\/index.php?rest_route=\/wp\/v2\/pages\/3635","targetHints":{"allow":["GET"]}}],"collection":[{"href":"https:\/\/www.ale-ale.hr\/index.php?rest_route=\/wp\/v2\/pages"}],"about":[{"href":"https:\/\/www.ale-ale.hr\/index.php?rest_route=\/wp\/v2\/types\/page"}],"author":[{"embeddable":true,"href":"https:\/\/www.ale-ale.hr\/index.php?rest_route=\/wp\/v2\/users\/1"}],"replies":[{"embeddable":true,"href":"https:\/\/www.ale-ale.hr\/index.php?rest_route=%2Fwp%2Fv2%2Fcomments&post=3635"}],"version-history":[{"count":7,"href":"https:\/\/www.ale-ale.hr\/index.php?rest_route=\/wp\/v2\/pages\/3635\/revisions"}],"predecessor-version":[{"id":3946,"href":"https:\/\/www.ale-ale.hr\/index.php?rest_route=\/wp\/v2\/pages\/3635\/revisions\/3946"}],"wp:attachment":[{"href":"https:\/\/www.ale-ale.hr\/index.php?rest_route=%2Fwp%2Fv2%2Fmedia&parent=3635"}],"curies":[{"name":"wp","href":"https:\/\/api.w.org\/{rel}","templated":true}]}}